{"id":1643,"date":"2018-02-23T15:48:37","date_gmt":"2018-02-23T15:48:37","guid":{"rendered":"http:\/\/www.softevolution.es\/?page_id=1643"},"modified":"2020-04-28T14:20:49","modified_gmt":"2020-04-28T14:20:49","slug":"franquicia-roi","status":"publish","type":"page","link":"https:\/\/www.equipo360.com\/en\/franquicia-roi\/","title":{"rendered":"Franquicia ROI"},"content":{"rendered":"<div class=\"banner has-hover\" id=\"banner-1040203917\">\n          <div class=\"banner-inner fill\">\n        <div class=\"banner-bg fill\" >\n            <div class=\"bg fill bg-fill\"><\/div>\n                                    \n\t<div class=\"is-border\"\n\t\tstyle=\"border-width:0px 0px 0px 0px;margin:0px 0px 0px 0px;\">\n\t<\/div>\n                    <\/div><!-- bg-layers -->\n        <div class=\"banner-layers container\">\n            <div class=\"fill banner-link\"><\/div>            \n\n   <div id=\"text-box-1638023390\" class=\"text-box banner-layer x50 md-x50 lg-x50 y50 md-y50 lg-y50 res-text\">\n                                <div class=\"text dark\">\n              \n              <div class=\"text-inner text-center\">\n                  \n\n<h1 class=\"uppercase\">FRANQUICIA ROI<\/h1>\n\n              <\/div>\n           <\/div><!-- text-box-inner -->\n                            \n<style scope=\"scope\">\n\n#text-box-1638023390 {\n  width: 60%;\n}\n#text-box-1638023390 .text {\n  font-size: 100%;\n}\n<\/style>\n    <\/div><!-- text-box -->\n \n\n        <\/div><!-- .banner-layers -->\n      <\/div><!-- .banner-inner -->\n\n            \n<style scope=\"scope\">\n\n#banner-1040203917 {\n  padding-top: 150px;\n  background-color: #6F5D80;\n}\n#banner-1040203917 .bg.bg-loaded {\n  background-image: url(https:\/\/www.equipo360.com\/wp-content\/uploads\/2018\/01\/1.jpg);\n}\n#banner-1040203917 .bg {\n  background-position: 50% 50%;\n}\n<\/style>\n  <\/div><!-- .banner -->\n\n\n<div class=\"row\"  id=\"row-1169473203\">\n\n<div class=\"col small-12 large-12\"  ><div class=\"col-inner\"  >\n\n<div class=\"row\"  id=\"row-1483843500\">\n\n<div class=\"col medium-6 small-12 large-6\"  ><div class=\"col-inner\"  >\n\n<p class=\"lead\">La mejor franquicia del mercado con diferencia, tenemos el negocio perfecto, satisfacemos las necesidades b\u00e1sicas de cualquier empresa, por lo que siempre nos necesitar\u00e1n.<\/p>\n<h3>Los beneficios de trabajar con nosotros:<\/h3>\n<ul class=\"mycustom-style-list\" style=\"line-height: 1em;\">\n<li>Amplia gama de servicios.<\/li>\n<li>Amplia demanda de los servicios.<\/li>\n<li>Tendencia creciente para los pr\u00f3ximos a\u00f1os.<\/li>\n<li>Empresa s\u00f3lida, estable y sostenible.<\/li>\n<li>Todas las facilidades, llave en mano.<\/li>\n<\/ul>\n\n<\/div><\/div>\n<div class=\"col medium-6 small-12 large-6\"  ><div class=\"col-inner\"  >\n\n\t<div class=\"img has-hover x md-x lg-x y md-y lg-y\" id=\"image_671159591\">\n\t\t\t\t\t\t\t\t<div class=\"img-inner dark\" >\n\t\t\t<img loading=\"lazy\" decoding=\"async\" width=\"510\" height=\"370\" src=\"https:\/\/www.equipo360.com\/wp-content\/uploads\/2018\/02\/2.jpg\" class=\"attachment-original size-original\" alt=\"\" srcset=\"https:\/\/www.equipo360.com\/wp-content\/uploads\/2018\/02\/2.jpg 510w, https:\/\/www.equipo360.com\/wp-content\/uploads\/2018\/02\/2-300x218.jpg 300w\" sizes=\"(max-width: 510px) 100vw, 510px\" \/>\t\t\t\t\t\t\n\t\t\t\t\t<\/div>\n\t\t\t\t\t\t\t\t\n<style scope=\"scope\">\n\n#image_671159591 {\n  width: 100%;\n}\n<\/style>\n\t<\/div>\n\t\n\n\n<\/div><\/div>\n\n<\/div>\n<div class=\"row row-collapse row-full-width\"  id=\"row-1109485458\">\n\n<div class=\"col small-12 large-12\"  ><div class=\"col-inner text-center\" style=\"padding:5px 0px 0px 0px;margin:-55px 0px 0px 0px;\" >\n\n<h2><\/h2>\n<h2 style=\"text-align: center;\"><span style=\"color: #6f5d80 !important;\">Tendr\u00e1 todo lo que necesita para desarrollar el negocio en su localidad o provincia con exclusividad, le ayudaremos a consolidar una cartera creciente de clientes recurrentes. <\/span><\/h2>\n<p>Rellene el formulario y nos pondremos en contacto con usted<\/p>\n\n<\/div><\/div>\n\n\n<style scope=\"scope\">\n\n<\/style>\n<\/div>\n<div class=\"row align-center\"  id=\"row-1503999846\">\n\n<div class=\"col medium-6 small-12 large-6\"  ><div class=\"col-inner text-center\"  >\n\n[contact-form-7 404 \"Not Found\"]\n<div class=\"accordion\" rel=\"\">\n\n<div class=\"accordion-item\"><a href=\"#\" class=\"accordion-title plain\"><button class=\"toggle\"><i class=\"icon-angle-down\"><\/i><\/button><span>Legal Information<\/span><\/a><div class=\"accordion-inner\">\n\n<p>Responsable: Alberto Porras Moreno<\/p>\n<p>Finalidad: Enviar la informaci\u00f3n requerida mediante correo electronico.<\/p>\n<p>Legitimation: Your consent to accept the agreement and policies.<\/p>\n<p>Destinatario: info@equipo360<\/p>\n<p>Derechos del cliente: Acceso a sus datos personales, rectificaci\u00f3n, supresi\u00f3n (derecho al olvido), limitaci\u00f3n del tratamiento, oposici\u00f3n<br>\ny a no ser objeto de decisiones individualizadas automatizadas (incluida la elaboraci\u00f3n de perfiles).<\/p>\n\n<\/div><\/div>\n\n<\/div>\n\n<\/div><\/div>\n\n\n<style scope=\"scope\">\n\n<\/style>\n<\/div>\n\n<\/div><\/div>\n\n<\/div>","protected":false},"excerpt":{"rendered":"","protected":false},"author":1,"featured_media":0,"parent":0,"menu_order":0,"comment_status":"closed","ping_status":"closed","template":"page-blank.php","meta":{"footnotes":""},"class_list":["post-1643","page","type-page","status-publish","hentry"],"yoast_head":"<!-- This site is optimized with the Yoast SEO plugin v16.5 - https:\/\/yoast.com\/wordpress\/plugins\/seo\/ -->\n<title>Franquicia ROI - Equipo360<\/title>\n<meta name=\"description\" content=\"La mejor franquicia del mercado con diferencia, tenemos el negocio perfecto, satisfacemos las necesidades b\u00e1sicas de cualquier empresa\" \/>\n<meta name=\"robots\" content=\"index, follow, max-snippet:-1, max-image-preview:large, max-video-preview:-1\" \/>\n<link rel=\"canonical\" href=\"https:\/\/www.equipo360.com\/en\/franquicia-roi\/\" \/>\n<meta property=\"og:locale\" content=\"en_US\" \/>\n<meta property=\"og:type\" content=\"article\" \/>\n<meta property=\"og:title\" content=\"Franquicia ROI - Equipo360\" \/>\n<meta property=\"og:description\" content=\"La mejor franquicia del mercado con diferencia, tenemos el negocio perfecto, satisfacemos las necesidades b\u00e1sicas de cualquier empresa\" \/>\n<meta property=\"og:url\" content=\"https:\/\/www.equipo360.com\/en\/franquicia-roi\/\" \/>\n<meta property=\"og:site_name\" content=\"Equipo360\" \/>\n<meta property=\"article:publisher\" content=\"https:\/\/www.facebook.com\/integralteam\/\" \/>\n<meta property=\"article:modified_time\" content=\"2020-04-28T14:20:49+00:00\" \/>\n<meta property=\"og:image\" content=\"https:\/\/www.equipo360.com\/wp-content\/uploads\/2019\/08\/logo-1.jpeg\" \/>\n\t<meta property=\"og:image:width\" content=\"775\" \/>\n\t<meta property=\"og:image:height\" content=\"251\" \/>\n<meta name=\"twitter:card\" content=\"summary\" \/>\n<meta name=\"twitter:site\" content=\"@Equipo360com\" \/>\n<meta name=\"twitter:label1\" content=\"Est. reading time\" \/>\n\t<meta name=\"twitter:data1\" content=\"1 minute\" \/>\n<script type=\"application\/ld+json\" class=\"yoast-schema-graph\">{\"@context\":\"https:\/\/schema.org\",\"@graph\":[{\"@type\":\"Organization\",\"@id\":\"https:\/\/www.equipo360.com\/en\/#organization\",\"name\":\"Equipo360\",\"url\":\"https:\/\/www.equipo360.com\/en\/\",\"sameAs\":[\"https:\/\/www.facebook.com\/integralteam\/\",\"https:\/\/www.instagram.com\/equipo360\/\",\"https:\/\/www.linkedin.com\/in\/albertoporras\/\",\"https:\/\/twitter.com\/Equipo360com\"],\"logo\":{\"@type\":\"ImageObject\",\"@id\":\"https:\/\/www.equipo360.com\/en\/#logo\",\"inLanguage\":\"en-US\",\"url\":\"https:\/\/www.equipo360.com\/wp-content\/uploads\/2020\/05\/marketing360.jpg\",\"contentUrl\":\"https:\/\/www.equipo360.com\/wp-content\/uploads\/2020\/05\/marketing360.jpg\",\"width\":775,\"height\":251,\"caption\":\"Equipo360\"},\"image\":{\"@id\":\"https:\/\/www.equipo360.com\/en\/#logo\"}},{\"@type\":\"WebSite\",\"@id\":\"https:\/\/www.equipo360.com\/en\/#website\",\"url\":\"https:\/\/www.equipo360.com\/en\/\",\"name\":\"Equipo360\",\"description\":\"Agencia de Marketing Online - Posicionamiento SEO en M\\u00e1laga, Nacional e Internacional\",\"publisher\":{\"@id\":\"https:\/\/www.equipo360.com\/en\/#organization\"},\"potentialAction\":[{\"@type\":\"SearchAction\",\"target\":\"https:\/\/www.equipo360.com\/en\/?s={search_term_string}\",\"query-input\":\"required name=search_term_string\"}],\"inLanguage\":\"en-US\"},{\"@type\":\"WebPage\",\"@id\":\"https:\/\/www.equipo360.com\/en\/franquicia-roi\/#webpage\",\"url\":\"https:\/\/www.equipo360.com\/en\/franquicia-roi\/\",\"name\":\"Franquicia ROI - Equipo360\",\"isPartOf\":{\"@id\":\"https:\/\/www.equipo360.com\/en\/#website\"},\"datePublished\":\"2018-02-23T15:48:37+00:00\",\"dateModified\":\"2020-04-28T14:20:49+00:00\",\"description\":\"La mejor franquicia del mercado con diferencia, tenemos el negocio perfecto, satisfacemos las necesidades b\\u00e1sicas de cualquier empresa\",\"breadcrumb\":{\"@id\":\"https:\/\/www.equipo360.com\/en\/franquicia-roi\/#breadcrumb\"},\"inLanguage\":\"en-US\",\"potentialAction\":[{\"@type\":\"ReadAction\",\"target\":[\"https:\/\/www.equipo360.com\/en\/franquicia-roi\/\"]}]},{\"@type\":\"BreadcrumbList\",\"@id\":\"https:\/\/www.equipo360.com\/en\/franquicia-roi\/#breadcrumb\",\"itemListElement\":[{\"@type\":\"ListItem\",\"position\":1,\"name\":\"Agencia de Marketing\",\"item\":\"https:\/\/www.equipo360.com\/en\/\"},{\"@type\":\"ListItem\",\"position\":2,\"name\":\"Franquicia ROI\"}]}]}<\/script>\n<!-- \/ Yoast SEO plugin. -->","_links":{"self":[{"href":"https:\/\/www.equipo360.com\/en\/wp-json\/wp\/v2\/pages\/1643"}],"collection":[{"href":"https:\/\/www.equipo360.com\/en\/wp-json\/wp\/v2\/pages"}],"about":[{"href":"https:\/\/www.equipo360.com\/en\/wp-json\/wp\/v2\/types\/page"}],"author":[{"embeddable":true,"href":"https:\/\/www.equipo360.com\/en\/wp-json\/wp\/v2\/users\/1"}],"replies":[{"embeddable":true,"href":"https:\/\/www.equipo360.com\/en\/wp-json\/wp\/v2\/comments?post=1643"}],"version-history":[{"count":7,"href":"https:\/\/www.equipo360.com\/en\/wp-json\/wp\/v2\/pages\/1643\/revisions"}],"predecessor-version":[{"id":4280,"href":"https:\/\/www.equipo360.com\/en\/wp-json\/wp\/v2\/pages\/1643\/revisions\/4280"}],"wp:attachment":[{"href":"https:\/\/www.equipo360.com\/en\/wp-json\/wp\/v2\/media?parent=1643"}],"curies":[{"name":"wp","href":"https:\/\/api.w.org\/{rel}","templated":true}]}}