{"id":1645,"date":"2018-02-23T15:48:37","date_gmt":"2018-02-23T15:48:37","guid":{"rendered":"http:\/\/www.softevolution.es\/?page_id=1645"},"modified":"2020-04-28T13:10:48","modified_gmt":"2020-04-28T13:10:48","slug":"afiliados-de-elite","status":"publish","type":"page","link":"https:\/\/www.equipo360.com\/en\/afiliados-de-elite\/","title":{"rendered":"Afiliados de \u00c9lite"},"content":{"rendered":"<div class=\"banner has-hover\" id=\"banner-588901517\">\n          <div class=\"banner-inner fill\">\n        <div class=\"banner-bg fill\" >\n            <div class=\"bg fill bg-fill\"><\/div>\n                                    \n\t<div class=\"is-border\"\n\t\tstyle=\"border-width:0px 0px 0px 0px;margin:0px 0px 0px 0px;\">\n\t<\/div>\n                    <\/div><!-- bg-layers -->\n        <div class=\"banner-layers container\">\n            <div class=\"fill banner-link\"><\/div>            \n\n   <div id=\"text-box-846694688\" class=\"text-box banner-layer x50 md-x50 lg-x50 y50 md-y50 lg-y50 res-text\">\n                                <div class=\"text dark\">\n              \n              <div class=\"text-inner text-center\">\n                  \n\n<h1 class=\"uppercase\">AFILIADOS DE \u00c9LITE<\/h1>\n\n              <\/div>\n           <\/div><!-- text-box-inner -->\n                            \n<style scope=\"scope\">\n\n#text-box-846694688 {\n  width: 60%;\n}\n#text-box-846694688 .text {\n  font-size: 100%;\n}\n<\/style>\n    <\/div><!-- text-box -->\n \n\n        <\/div><!-- .banner-layers -->\n      <\/div><!-- .banner-inner -->\n\n            \n<style scope=\"scope\">\n\n#banner-588901517 {\n  padding-top: 150px;\n  background-color: #6F5D80;\n}\n#banner-588901517 .bg.bg-loaded {\n  background-image: url(https:\/\/www.equipo360.com\/wp-content\/uploads\/2018\/01\/1.jpg);\n}\n#banner-588901517 .bg {\n  background-position: 50% 50%;\n}\n<\/style>\n  <\/div><!-- .banner -->\n\n\n<div class=\"row\"  id=\"row-2071092517\">\n\n<div class=\"col small-12 large-12\"  ><div class=\"col-inner\"  >\n\n<div class=\"row\"  id=\"row-292525671\">\n\n<div class=\"col medium-6 small-12 large-6\"  ><div class=\"col-inner\"  >\n\n<p class=\"lead\">Contamos con un programa de afiliados de \u00faltima generaci\u00f3n, profesional y con informes a tiempo real<\/p>\n<p>Ofrecemos un 15% de todo lo que compren los clientes a trav\u00e9s de usted y el 5% de todo lo que compren los clientes a trav\u00e9s de afiliados que usted recomiende, muchos clientes contratan servicios mensuales o varios servicios con el tiempo, usted se llevar\u00e1 comisi\u00f3n de todo lo que contraten.<\/p>\n<h3>Facilitamos todo lo necesario para que le resulte f\u00e1cil conseguir nuevos clientes, tendr\u00e1 a su disposici\u00f3n:<\/h3>\n<ul class=\"mycustom-style-list\" style=\"line-height: 1.2em;\">\n<li>Enlace personalizado a la web: ej. www.equipo360.com\/sunombre (y todas las ventas a trav\u00e9s de su enlace quedar\u00e1n registradas bajo su nombre)<\/li>\n<li>Material gr\u00e1fico personalizado: Dossier, Tr\u00edptico, Flyers, Tarjetas de Visita, Listing de Servicios y Precios, Hojas de Pedido.<\/li>\n<li>Argumento de venta, formaci\u00f3n e informaci\u00f3n de cada servicio, manejo de objetivos, t\u00e9cnicas de cierre.<\/li>\n<\/ul>\n<p>Somos una empresa seria, responsable y, comprometida con nuestros clientes y trabajadores, buscamos relaci\u00f3n a largo plazo, ganar-ganar, una relaci\u00f3n fruct\u00edfera para ambas partes.<\/p>\n<p>Si se trabaja bien podemos valorar hacer un contrato laboral con salario fijo m\u00e1s comisi\u00f3n.<\/p>\n\n<\/div><\/div>\n<div class=\"col medium-6 small-12 large-6\"  ><div class=\"col-inner\"  >\n\n\t<div class=\"img has-hover x md-x lg-x y md-y lg-y\" id=\"image_1606300357\">\n\t\t\t\t\t\t\t\t<div class=\"img-inner dark\" >\n\t\t\t<img loading=\"lazy\" decoding=\"async\" width=\"510\" height=\"617\" src=\"https:\/\/www.equipo360.com\/wp-content\/uploads\/2018\/03\/afiliados-elite.png\" class=\"attachment-original size-original\" alt=\"\" srcset=\"https:\/\/www.equipo360.com\/wp-content\/uploads\/2018\/03\/afiliados-elite.png 510w, https:\/\/www.equipo360.com\/wp-content\/uploads\/2018\/03\/afiliados-elite-248x300.png 248w\" sizes=\"(max-width: 510px) 100vw, 510px\" \/>\t\t\t\t\t\t\n\t\t\t\t\t<\/div>\n\t\t\t\t\t\t\t\t\n<style scope=\"scope\">\n\n#image_1606300357 {\n  width: 100%;\n}\n<\/style>\n\t<\/div>\n\t\n\n\n<\/div><\/div>\n\n<\/div>\n<div class=\"row row-collapse row-full-width\"  id=\"row-1453069246\">\n\n<div class=\"col small-12 large-12\"  ><div class=\"col-inner text-center\" style=\"padding:5px 0px 0px 0px;margin:-55px 0px 0px 0px;\" >\n\n<h2><\/h2>\n<h2 style=\"text-align: center;\"><span style=\"color: #6f5d80 !important;\">Puede tom\u00e1rselo como un extra y ganar un ingreso de m\u00e1s sin dedicar tiempo, o tom\u00e1rselo como una profesi\u00f3n y generar grandes ingresos, le ayudaremos a consolidar una cartera creciente de clientes recurrentes. <\/span><\/h2>\n<p>Rellene el siguiente formulario y reg\u00edstrese aqu\u00ed<\/p>\n\n<\/div><\/div>\n\n\n<style scope=\"scope\">\n\n<\/style>\n<\/div>\n<div class=\"row align-center\"  id=\"row-1832153154\">\n\n<div class=\"col medium-6 small-12 large-6\"  ><div class=\"col-inner text-center\"  >\n\n[contact-form-7 404 \"Not Found\"]\n<div class=\"accordion\" rel=\"\">\n\n<div class=\"accordion-item\"><a href=\"#\" class=\"accordion-title plain\"><button class=\"toggle\"><i class=\"icon-angle-down\"><\/i><\/button><span>Legal Information<\/span><\/a><div class=\"accordion-inner\">\n\n<p>Responsable: Alberto Porras Moreno<\/p>\n<p>Our Purpose: Always be ready to solve all your concerns and to answer your questions at any time.<\/p>\n<p>Legitimation: Your consent to accept the agreement and policies.<\/p>\n<p>Recipient: info@equipo360.com<\/p>\n<p>Derechos del cliente: Acceso a sus datos personales, rectificaci\u00f3n, supresi\u00f3n (derecho al olvido), limitaci\u00f3n del tratamiento, oposici\u00f3n y a no ser objeto de decisiones individualizadasautomatizadas (incluida la elaboraci\u00f3n de perfiles).<\/p>\n\n<\/div><\/div>\n\n<\/div>\n\n<\/div><\/div>\n\n\n<style scope=\"scope\">\n\n<\/style>\n<\/div>\n\n<\/div><\/div>\n\n<\/div>","protected":false},"excerpt":{"rendered":"","protected":false},"author":1,"featured_media":0,"parent":0,"menu_order":0,"comment_status":"closed","ping_status":"closed","template":"page-blank.php","meta":{"footnotes":""},"class_list":["post-1645","page","type-page","status-publish","hentry"],"yoast_head":"<!-- This site is optimized with the Yoast SEO plugin v16.5 - https:\/\/yoast.com\/wordpress\/plugins\/seo\/ -->\n<title>Afiliados de \u00c9lite - Equipo360<\/title>\n<meta name=\"description\" content=\"Afiliados de \u00faltima generaci\u00f3n, profesional y con informes a tiempo real, Material gr\u00e1fico personalizado: Dossier, Tr\u00edptico, Flyers, Tarjetas de Visita.\" \/>\n<meta name=\"robots\" content=\"index, follow, max-snippet:-1, max-image-preview:large, max-video-preview:-1\" \/>\n<link rel=\"canonical\" href=\"https:\/\/www.equipo360.com\/en\/afiliados-de-elite\/\" \/>\n<meta property=\"og:locale\" content=\"en_US\" \/>\n<meta property=\"og:type\" content=\"article\" \/>\n<meta property=\"og:title\" content=\"Afiliados de \u00c9lite - Equipo360\" \/>\n<meta property=\"og:description\" content=\"Afiliados de \u00faltima generaci\u00f3n, profesional y con informes a tiempo real, Material gr\u00e1fico personalizado: Dossier, Tr\u00edptico, Flyers, Tarjetas de Visita.\" \/>\n<meta property=\"og:url\" content=\"https:\/\/www.equipo360.com\/en\/afiliados-de-elite\/\" \/>\n<meta property=\"og:site_name\" content=\"Equipo360\" \/>\n<meta property=\"article:publisher\" content=\"https:\/\/www.facebook.com\/integralteam\/\" \/>\n<meta property=\"article:modified_time\" content=\"2020-04-28T13:10:48+00:00\" \/>\n<meta property=\"og:image\" content=\"https:\/\/www.equipo360.com\/wp-content\/uploads\/2019\/08\/logo-1.jpeg\" \/>\n\t<meta property=\"og:image:width\" content=\"775\" \/>\n\t<meta property=\"og:image:height\" content=\"251\" \/>\n<meta name=\"twitter:card\" content=\"summary\" \/>\n<meta name=\"twitter:site\" content=\"@Equipo360com\" \/>\n<meta name=\"twitter:label1\" content=\"Est. reading time\" \/>\n\t<meta name=\"twitter:data1\" content=\"2 minutes\" \/>\n<script type=\"application\/ld+json\" class=\"yoast-schema-graph\">{\"@context\":\"https:\/\/schema.org\",\"@graph\":[{\"@type\":\"Organization\",\"@id\":\"https:\/\/www.equipo360.com\/en\/#organization\",\"name\":\"Equipo360\",\"url\":\"https:\/\/www.equipo360.com\/en\/\",\"sameAs\":[\"https:\/\/www.facebook.com\/integralteam\/\",\"https:\/\/www.instagram.com\/equipo360\/\",\"https:\/\/www.linkedin.com\/in\/albertoporras\/\",\"https:\/\/twitter.com\/Equipo360com\"],\"logo\":{\"@type\":\"ImageObject\",\"@id\":\"https:\/\/www.equipo360.com\/en\/#logo\",\"inLanguage\":\"en-US\",\"url\":\"https:\/\/www.equipo360.com\/wp-content\/uploads\/2020\/05\/marketing360.jpg\",\"contentUrl\":\"https:\/\/www.equipo360.com\/wp-content\/uploads\/2020\/05\/marketing360.jpg\",\"width\":775,\"height\":251,\"caption\":\"Equipo360\"},\"image\":{\"@id\":\"https:\/\/www.equipo360.com\/en\/#logo\"}},{\"@type\":\"WebSite\",\"@id\":\"https:\/\/www.equipo360.com\/en\/#website\",\"url\":\"https:\/\/www.equipo360.com\/en\/\",\"name\":\"Equipo360\",\"description\":\"Agencia de Marketing Online - Posicionamiento SEO en M\\u00e1laga, Nacional e Internacional\",\"publisher\":{\"@id\":\"https:\/\/www.equipo360.com\/en\/#organization\"},\"potentialAction\":[{\"@type\":\"SearchAction\",\"target\":\"https:\/\/www.equipo360.com\/en\/?s={search_term_string}\",\"query-input\":\"required name=search_term_string\"}],\"inLanguage\":\"en-US\"},{\"@type\":\"WebPage\",\"@id\":\"https:\/\/www.equipo360.com\/en\/afiliados-de-elite\/#webpage\",\"url\":\"https:\/\/www.equipo360.com\/en\/afiliados-de-elite\/\",\"name\":\"Afiliados de \\u00c9lite - Equipo360\",\"isPartOf\":{\"@id\":\"https:\/\/www.equipo360.com\/en\/#website\"},\"datePublished\":\"2018-02-23T15:48:37+00:00\",\"dateModified\":\"2020-04-28T13:10:48+00:00\",\"description\":\"Afiliados de \\u00faltima generaci\\u00f3n, profesional y con informes a tiempo real, Material gr\\u00e1fico personalizado: Dossier, Tr\\u00edptico, Flyers, Tarjetas de Visita.\",\"breadcrumb\":{\"@id\":\"https:\/\/www.equipo360.com\/en\/afiliados-de-elite\/#breadcrumb\"},\"inLanguage\":\"en-US\",\"potentialAction\":[{\"@type\":\"ReadAction\",\"target\":[\"https:\/\/www.equipo360.com\/en\/afiliados-de-elite\/\"]}]},{\"@type\":\"BreadcrumbList\",\"@id\":\"https:\/\/www.equipo360.com\/en\/afiliados-de-elite\/#breadcrumb\",\"itemListElement\":[{\"@type\":\"ListItem\",\"position\":1,\"name\":\"Agencia de Marketing\",\"item\":\"https:\/\/www.equipo360.com\/en\/\"},{\"@type\":\"ListItem\",\"position\":2,\"name\":\"Afiliados de \\u00c9lite\"}]}]}<\/script>\n<!-- \/ Yoast SEO plugin. -->","_links":{"self":[{"href":"https:\/\/www.equipo360.com\/en\/wp-json\/wp\/v2\/pages\/1645"}],"collection":[{"href":"https:\/\/www.equipo360.com\/en\/wp-json\/wp\/v2\/pages"}],"about":[{"href":"https:\/\/www.equipo360.com\/en\/wp-json\/wp\/v2\/types\/page"}],"author":[{"embeddable":true,"href":"https:\/\/www.equipo360.com\/en\/wp-json\/wp\/v2\/users\/1"}],"replies":[{"embeddable":true,"href":"https:\/\/www.equipo360.com\/en\/wp-json\/wp\/v2\/comments?post=1645"}],"version-history":[{"count":10,"href":"https:\/\/www.equipo360.com\/en\/wp-json\/wp\/v2\/pages\/1645\/revisions"}],"predecessor-version":[{"id":4484,"href":"https:\/\/www.equipo360.com\/en\/wp-json\/wp\/v2\/pages\/1645\/revisions\/4484"}],"wp:attachment":[{"href":"https:\/\/www.equipo360.com\/en\/wp-json\/wp\/v2\/media?parent=1645"}],"curies":[{"name":"wp","href":"https:\/\/api.w.org\/{rel}","templated":true}]}}