{"id":1646,"date":"2018-02-23T15:48:37","date_gmt":"2018-02-23T15:48:37","guid":{"rendered":"http:\/\/www.softevolution.es\/?page_id=1646"},"modified":"2020-04-28T15:59:10","modified_gmt":"2020-04-28T15:59:10","slug":"investclub-4","status":"publish","type":"page","link":"https:\/\/www.equipo360.com\/en\/investclub-4\/","title":{"rendered":"Investclub"},"content":{"rendered":"<div class=\"banner has-hover\" id=\"banner-1997921973\">\n          <div class=\"banner-inner fill\">\n        <div class=\"banner-bg fill\" >\n            <div class=\"bg fill bg-fill\"><\/div>\n                                    \n\t<div class=\"is-border\"\n\t\tstyle=\"border-width:0px 0px 0px 0px;margin:0px 0px 0px 0px;\">\n\t<\/div>\n                    <\/div><!-- bg-layers -->\n        <div class=\"banner-layers container\">\n            <div class=\"fill banner-link\"><\/div>            \n\n   <div id=\"text-box-542127125\" class=\"text-box banner-layer x50 md-x50 lg-x50 y50 md-y50 lg-y50 res-text\">\n                                <div class=\"text dark\">\n              \n              <div class=\"text-inner text-center\">\n                  \n\n<h1 class=\"uppercase\">INVESTCLUB<\/h1>\n\n              <\/div>\n           <\/div><!-- text-box-inner -->\n                            \n<style scope=\"scope\">\n\n#text-box-542127125 {\n  width: 60%;\n}\n#text-box-542127125 .text {\n  font-size: 100%;\n}\n<\/style>\n    <\/div><!-- text-box -->\n \n\n        <\/div><!-- .banner-layers -->\n      <\/div><!-- .banner-inner -->\n\n            \n<style scope=\"scope\">\n\n#banner-1997921973 {\n  padding-top: 150px;\n  background-color: #6F5D80;\n}\n#banner-1997921973 .bg.bg-loaded {\n  background-image: url(https:\/\/www.equipo360.com\/wp-content\/uploads\/2018\/01\/1.jpg);\n}\n#banner-1997921973 .bg {\n  background-position: 50% 50%;\n}\n<\/style>\n  <\/div><!-- .banner -->\n\n\n<div class=\"row\"  id=\"row-1040279357\">\n\n<div class=\"col small-12 large-12\"  ><div class=\"col-inner\"  >\n\n\t<div class=\"img has-hover x md-x lg-x y md-y lg-y\" id=\"image_1095583477\">\n\t\t\t\t\t\t\t\t<div class=\"img-inner dark\" >\n\t\t\t<img loading=\"lazy\" decoding=\"async\" width=\"1050\" height=\"370\" src=\"https:\/\/www.equipo360.com\/wp-content\/uploads\/2018\/03\/investclub.png\" class=\"attachment-original size-original\" alt=\"\" srcset=\"https:\/\/www.equipo360.com\/wp-content\/uploads\/2018\/03\/investclub.png 1050w, https:\/\/www.equipo360.com\/wp-content\/uploads\/2018\/03\/investclub-300x106.png 300w, https:\/\/www.equipo360.com\/wp-content\/uploads\/2018\/03\/investclub-768x271.png 768w, https:\/\/www.equipo360.com\/wp-content\/uploads\/2018\/03\/investclub-1024x361.png 1024w, https:\/\/www.equipo360.com\/wp-content\/uploads\/2018\/03\/investclub-600x211.png 600w\" sizes=\"(max-width: 1050px) 100vw, 1050px\" \/>\t\t\t\t\t\t\n\t\t\t\t\t<\/div>\n\t\t\t\t\t\t\t\t\n<style scope=\"scope\">\n\n#image_1095583477 {\n  width: 100%;\n}\n<\/style>\n\t<\/div>\n\t\n\n\n<\/div><\/div>\n\n<\/div>\n<div class=\"row\"  id=\"row-868346821\">\n\n<div class=\"col small-12 large-12\"  ><div class=\"col-inner\"  >\n\n<p class=\"lead\" style=\"text-align: center;\"><strong>Somos un club de inversores que invertimos en oportunidades seguras, transparentes y rentables, previos an\u00e1lisis exhaustivos.<\/strong><\/p>\n\n<\/div><\/div>\n\n<\/div>\n<div class=\"row\"  id=\"row-504344206\">\n\n<div class=\"col medium-6 small-12 large-6\"  ><div class=\"col-inner\"  >\n\n<h3>Participar como miembro del club es totalmente gratuito y se obtienen excelentes beneficios como:<\/h3>\n<ol style=\"line-height: 1em;\">\n<li>Amplia gama de servicios.<\/li>\n<li>Seguridad y garant\u00edas en todas las operaciones.<\/li>\n<li>Gesti\u00f3n de todos los procesos.<\/li>\n<li>Excelentes oportunidades de inversi\u00f3n.<\/li>\n<li>La debida diligencia completa.<\/li>\n<li>Inversiones en grupo.<\/li>\n<\/ol>\n<p>Le asesoramos \u00edntegramente en cada operaci\u00f3n, ponemos a su disposici\u00f3n veh\u00edculos de inversi\u00f3n flexibles y fiscalmente eficientes.<\/p>\n<h3 style=\"text-align: center;\"><span style=\"color: #6f5d80 !important;\">Buscamos pro activamente oportunidades de inversi\u00f3n para nuestros socios.<\/span><\/h3>\n<ul class=\"mycustom-style-list\" style=\"line-height: 1em;\">\n<li style=\"text-align: left;\">Asesoramiento profesional y documentaci\u00f3n (an\u00e1lisis, estrategias de negociaci\u00f3n, pactos de socios, valoraciones, tramitaci\u00f3n legal, etc.).<\/li>\n<li style=\"text-align: left;\">Optimizaci\u00f3n de liquidez y fiscalidad.<\/li>\n<li style=\"text-align: left;\">Informes de seguimiento.<\/li>\n<li style=\"text-align: left;\">Y todo lo necesario.<\/li>\n<\/ul>\n\n<\/div><\/div>\n<div class=\"col medium-6 small-12 large-6\"  ><div class=\"col-inner text-center\"  >\n\n<h3 style=\"text-align: left;\"><span style=\"color: #6f5d80 !important;\">\u00bfPor qu\u00e9 unirse?<\/span><\/h3>\n<p style=\"text-align: left;\">El objetivo principal de INVESTCLUB es crear sinergias entre inversores, accediendo a mejores oportunidades de inversi\u00f3n y ventajas.<\/p>\n<ul class=\"mycustom-style-list\" style=\"line-height: 1.5em;\">\n<li style=\"text-align: left;\">Contamos con amplia experiencia y excelentes relaciones en el mundo de las inversiones.<\/li>\n<li style=\"text-align: left;\">Trabajamos con la m\u00e1xima seriedad, profesionalidad y transparencia.<\/li>\n<li style=\"text-align: left;\">Tenemos a disposici\u00f3n equipo profesional de gestores y asesores expertos.<\/li>\n<li style=\"text-align: left;\">Disponemos de amplia cartera de oportunidades de inversi\u00f3n a precios muy por debajo del valor de mercado.<\/li>\n<li style=\"text-align: left;\">Porque somos expertos en negociaciones con bancos, adquisiciones de activos, promociones, construcci\u00f3n y otros.<\/li>\n<li style=\"text-align: left;\">Porque conocemos muy bien el sector, as\u00ed como los distintos escenarios que se pueden producir en una inversi\u00f3n.<\/li>\n<\/ul>\n\n<\/div><\/div>\n\n<\/div>\n<div class=\"row\"  id=\"row-2059482609\">\n\n<div class=\"col small-12 large-12\"  ><div class=\"col-inner text-center\"  >\n\n<h3 style=\"text-align: center;\"><span style=\"color: #6f5d80 !important;\">El requisito m\u00ednimo para participar en el club es disponer de al menos 10.000 euros para invertir.<br>\n<\/span><\/h3>\n<p>Para participar rellene el siguiente formulario<\/p>\n<div class=\"row row-collapse row-full-width\"  id=\"row-1697472881\">\n\n<div class=\"col medium-5 small-12 large-5\"  ><div class=\"col-inner text-left\"  >\n\n[contact-form-7 404 \"Not Found\"]\n<div class=\"accordion\" rel=\"\">\n\n<div class=\"accordion-item\"><a href=\"#\" class=\"accordion-title plain\"><button class=\"toggle\"><i class=\"icon-angle-down\"><\/i><\/button><span>Legal Information<\/span><\/a><div class=\"accordion-inner\">\n\n<p>Responsable: Alberto Porras Moreno<\/p>\n<p>Our Purpose: Always be ready to solve all your concerns and to answer your questions at any time.<\/p>\n<p>Legitimation: Your consent to accept the agreement and policies.<\/p>\n<p>Recipient: info@equipo360.com<\/p>\n<p>Client rights: Access to their personal data, rectification, deletion (right to be forgotten), limitation of treatment, opposition and not to be subject to automated individualized decisions (including profiling).<\/p>\n\n<\/div><\/div>\n\n<\/div>\n\n<\/div><\/div>\n\n\n<style scope=\"scope\">\n\n<\/style>\n<\/div>\n\n<\/div><\/div>\n\n<\/div>","protected":false},"excerpt":{"rendered":"","protected":false},"author":1,"featured_media":0,"parent":0,"menu_order":0,"comment_status":"closed","ping_status":"closed","template":"page-blank.php","meta":{"footnotes":""},"class_list":["post-1646","page","type-page","status-publish","hentry"],"yoast_head":"<!-- This site is optimized with the Yoast SEO plugin v16.5 - https:\/\/yoast.com\/wordpress\/plugins\/seo\/ -->\n<title>Investclub - Equipo360<\/title>\n<meta name=\"description\" content=\"Participar como miembro del club es totalmente gratuito y se obtienen excelentes beneficios como:Amplia gama de servicios.\" \/>\n<meta name=\"robots\" content=\"index, follow, max-snippet:-1, max-image-preview:large, max-video-preview:-1\" \/>\n<link rel=\"canonical\" href=\"https:\/\/www.equipo360.com\/en\/investclub-4\/\" \/>\n<meta property=\"og:locale\" content=\"en_US\" \/>\n<meta property=\"og:type\" content=\"article\" \/>\n<meta property=\"og:title\" content=\"Investclub - Equipo360\" \/>\n<meta property=\"og:description\" content=\"Participar como miembro del club es totalmente gratuito y se obtienen excelentes beneficios como:Amplia gama de servicios.\" \/>\n<meta property=\"og:url\" content=\"https:\/\/www.equipo360.com\/en\/investclub-4\/\" \/>\n<meta property=\"og:site_name\" content=\"Equipo360\" \/>\n<meta property=\"article:publisher\" content=\"https:\/\/www.facebook.com\/integralteam\/\" \/>\n<meta property=\"article:modified_time\" content=\"2020-04-28T15:59:10+00:00\" \/>\n<meta property=\"og:image\" content=\"https:\/\/www.equipo360.com\/wp-content\/uploads\/2019\/08\/logo-1.jpeg\" \/>\n\t<meta property=\"og:image:width\" content=\"775\" \/>\n\t<meta property=\"og:image:height\" content=\"251\" \/>\n<meta name=\"twitter:card\" content=\"summary\" \/>\n<meta name=\"twitter:site\" content=\"@Equipo360com\" \/>\n<meta name=\"twitter:label1\" content=\"Est. reading time\" \/>\n\t<meta name=\"twitter:data1\" content=\"2 minutes\" \/>\n<script type=\"application\/ld+json\" class=\"yoast-schema-graph\">{\"@context\":\"https:\/\/schema.org\",\"@graph\":[{\"@type\":\"Organization\",\"@id\":\"https:\/\/www.equipo360.com\/en\/#organization\",\"name\":\"Equipo360\",\"url\":\"https:\/\/www.equipo360.com\/en\/\",\"sameAs\":[\"https:\/\/www.facebook.com\/integralteam\/\",\"https:\/\/www.instagram.com\/equipo360\/\",\"https:\/\/www.linkedin.com\/in\/albertoporras\/\",\"https:\/\/twitter.com\/Equipo360com\"],\"logo\":{\"@type\":\"ImageObject\",\"@id\":\"https:\/\/www.equipo360.com\/en\/#logo\",\"inLanguage\":\"en-US\",\"url\":\"https:\/\/www.equipo360.com\/wp-content\/uploads\/2020\/05\/marketing360.jpg\",\"contentUrl\":\"https:\/\/www.equipo360.com\/wp-content\/uploads\/2020\/05\/marketing360.jpg\",\"width\":775,\"height\":251,\"caption\":\"Equipo360\"},\"image\":{\"@id\":\"https:\/\/www.equipo360.com\/en\/#logo\"}},{\"@type\":\"WebSite\",\"@id\":\"https:\/\/www.equipo360.com\/en\/#website\",\"url\":\"https:\/\/www.equipo360.com\/en\/\",\"name\":\"Equipo360\",\"description\":\"Agencia de Marketing Online - Posicionamiento SEO en M\\u00e1laga, Nacional e Internacional\",\"publisher\":{\"@id\":\"https:\/\/www.equipo360.com\/en\/#organization\"},\"potentialAction\":[{\"@type\":\"SearchAction\",\"target\":\"https:\/\/www.equipo360.com\/en\/?s={search_term_string}\",\"query-input\":\"required name=search_term_string\"}],\"inLanguage\":\"en-US\"},{\"@type\":\"WebPage\",\"@id\":\"https:\/\/www.equipo360.com\/en\/investclub-4\/#webpage\",\"url\":\"https:\/\/www.equipo360.com\/en\/investclub-4\/\",\"name\":\"Investclub - Equipo360\",\"isPartOf\":{\"@id\":\"https:\/\/www.equipo360.com\/en\/#website\"},\"datePublished\":\"2018-02-23T15:48:37+00:00\",\"dateModified\":\"2020-04-28T15:59:10+00:00\",\"description\":\"Participar como miembro del club es totalmente gratuito y se obtienen excelentes beneficios como:Amplia gama de servicios.\",\"breadcrumb\":{\"@id\":\"https:\/\/www.equipo360.com\/en\/investclub-4\/#breadcrumb\"},\"inLanguage\":\"en-US\",\"potentialAction\":[{\"@type\":\"ReadAction\",\"target\":[\"https:\/\/www.equipo360.com\/en\/investclub-4\/\"]}]},{\"@type\":\"BreadcrumbList\",\"@id\":\"https:\/\/www.equipo360.com\/en\/investclub-4\/#breadcrumb\",\"itemListElement\":[{\"@type\":\"ListItem\",\"position\":1,\"name\":\"Agencia de Marketing\",\"item\":\"https:\/\/www.equipo360.com\/en\/\"},{\"@type\":\"ListItem\",\"position\":2,\"name\":\"Investclub\"}]}]}<\/script>\n<!-- \/ Yoast SEO plugin. -->","_links":{"self":[{"href":"https:\/\/www.equipo360.com\/en\/wp-json\/wp\/v2\/pages\/1646"}],"collection":[{"href":"https:\/\/www.equipo360.com\/en\/wp-json\/wp\/v2\/pages"}],"about":[{"href":"https:\/\/www.equipo360.com\/en\/wp-json\/wp\/v2\/types\/page"}],"author":[{"embeddable":true,"href":"https:\/\/www.equipo360.com\/en\/wp-json\/wp\/v2\/users\/1"}],"replies":[{"embeddable":true,"href":"https:\/\/www.equipo360.com\/en\/wp-json\/wp\/v2\/comments?post=1646"}],"version-history":[{"count":13,"href":"https:\/\/www.equipo360.com\/en\/wp-json\/wp\/v2\/pages\/1646\/revisions"}],"predecessor-version":[{"id":4281,"href":"https:\/\/www.equipo360.com\/en\/wp-json\/wp\/v2\/pages\/1646\/revisions\/4281"}],"wp:attachment":[{"href":"https:\/\/www.equipo360.com\/en\/wp-json\/wp\/v2\/media?parent=1646"}],"curies":[{"name":"wp","href":"https:\/\/api.w.org\/{rel}","templated":true}]}}