{"id":893,"date":"2018-01-11T21:06:30","date_gmt":"2018-01-11T21:06:30","guid":{"rendered":"http:\/\/www.softevolution.es\/?page_id=893"},"modified":"2022-12-15T14:49:47","modified_gmt":"2022-12-15T13:49:47","slug":"desarrollo-aplicaciones-moviles","status":"publish","type":"page","link":"https:\/\/www.equipo360.com\/en\/desarrollo-aplicaciones-moviles\/","title":{"rendered":"Servicios de Aplicaciones M\u00f3viles"},"content":{"rendered":"<div class=\"banner has-hover\" id=\"banner-1827295767\">\n          <div class=\"banner-inner fill\">\n        <div class=\"banner-bg fill\" >\n            <div class=\"bg fill bg-fill\"><\/div>\n                                    \n\t<div class=\"is-border\"\n\t\tstyle=\"border-width:0px 0px 0px 0px;margin:0px 0px 0px 0px;\">\n\t<\/div>\n                    <\/div><!-- bg-layers -->\n        <div class=\"banner-layers container\">\n            <div class=\"fill banner-link\"><\/div>                <div id=\"text-box-1470297948\" class=\"text-box banner-layer x50 md-x50 lg-x50 y50 md-y50 lg-y50 res-text\">\n                                <div class=\"text dark\">\n              \n              <div class=\"text-inner text-center\">\n                  \r\n<h3 class=\"uppercase\"><strong>MOBILE APPS DEVELOPMENT<\/strong><\/h3>\r\n              <\/div>\n           <\/div><!-- text-box-inner -->\n                            \n<style scope=\"scope\">\n\n#text-box-1470297948 {\n  width: 69%;\n}\n#text-box-1470297948 .text {\n  font-size: 100%;\n}\n<\/style>\n    <\/div><!-- text-box -->\n          <\/div><!-- .banner-layers -->\n      <\/div><!-- .banner-inner -->\n\n            \n<style scope=\"scope\">\n\n#banner-1827295767 {\n  padding-top: 150px;\n  background-color: #6F5D80;\n}\n#banner-1827295767 .bg.bg-loaded {\n  background-image: url(https:\/\/www.equipo360.com\/wp-content\/uploads\/2018\/01\/1.jpg);\n}\n#banner-1827295767 .bg {\n  background-position: 50% 50%;\n}\n<\/style>\n  <\/div><!-- .banner -->\n\n <div class=\"row\"  id=\"row-855164795\"> <div class=\"col small-12 large-12\"  ><div class=\"col-inner\"  > <div class=\"row\"  id=\"row-828577835\"> <div class=\"col medium-6 small-12 large-6\"  ><div class=\"col-inner\"  >\r\n<p style=\"text-align: justify;\">Mobile apps are the present and the future, a great and potential market without exploding, many needs to cover and not much specialized professionals, now is the rigth moment for a market positioning and let you know.<\/p>\r\n<h3>Beneficios del desarrollo de Aplicaciones M\u00f3viles:<\/h3>\r\n<ul>\r\n<li>Gracias a las apps m\u00f3viles, los usuarios pueden conectarse directamente en sus celulares a trav\u00e9s de redes sociales.<\/li>\r\n<li>Hoy en d\u00eda, la mayor\u00eda de las personas tienen un tel\u00e9fono celular, a trav\u00e9s del cual se hace toda la operaci\u00f3n digital.<\/li>\r\n<li>Por medio de una app en su m\u00f3vil usted puede ofrecerle a los usuarios experiencias completamente \u00fanicas.<\/li>\r\n<li>Ofrecer promociones a los clientes gratis es un excelente m\u00e9todo para atraerlos.<\/li>\r\n<\/ul>\r\n<h3>Our service includes:<\/h3>\r\n<ul>\r\n<li>Professional design, logo, personalization.<\/li>\r\n<li>All defined functionalities.<\/li>\r\n<li>Your application will be uploaded to PlayStore and Apple Store.<\/li>\r\n<li>Optimization and SEO Positioning.<\/li>\r\n<li>Adaptable to all mobile devices.<\/li>\r\n<li>Gateway payment if it\u2019s necessary.<\/li>\r\n<li>Seguridad en todo el proceso.<\/li>\r\n<li>Social Media Sync.<\/li>\r\n<li>Self-administered (we teach you how to use it easily).<\/li>\r\n<li>Compliance with data protection and current regulations.<\/li>\r\n<\/ul>\r\n<p style=\"text-align: justify;\">\u00a0<\/p>\r\n<\/div><\/div> <div class=\"col medium-6 small-12 large-6\"  ><div class=\"col-inner\"  >\r\n<p>Tenemos mucha experiencia en estos proyectos, por lo que la mayor\u00eda de nuestras aplicaciones han sido reconocidas por ofrecer un buen servicio y funcionalidad. Nos hemos convertido en una empresa l\u00edder durante el proceso de la desarrolladora de aplicaciones para tel\u00e9fonos m\u00f3viles, gracias a calificaciones de terceras personas y plataformas que revisan las mejores recomendaciones.<\/p>\r\n<p style=\"text-align: justify;\">The price depends of the complexity of the app, previously (or firstly) we make an analyze and an estimation of price and deadlines, all include and 100% functional for iOS and Android.<\/p>\r\n<h4 class=\"lead thin-font\"><strong>Fill in your contact details and tell us specifically what you need, we will help you find the best solution at an affordable price.<\/strong><\/h4>\r\n<div role=\"form\" class=\"wpcf7\" id=\"wpcf7-f3524-o1\" lang=\"es-ES\" dir=\"ltr\">\n<div class=\"screen-reader-response\"><p role=\"status\" aria-live=\"polite\" aria-atomic=\"true\"><\/p> <ul><\/ul><\/div>\n<form action=\"\/en\/wp-json\/wp\/v2\/pages\/893#wpcf7-f3524-o1\" method=\"post\" class=\"wpcf7-form init\" novalidate=\"novalidate\" data-status=\"init\" data-trp-original-action=\"\/en\/wp-json\/wp\/v2\/pages\/893#wpcf7-f3524-o1\">\n<div style=\"display: none;\">\n<input type=\"hidden\" name=\"_wpcf7\" value=\"3524\" \/>\n<input type=\"hidden\" name=\"_wpcf7_version\" value=\"5.3.2\" \/>\n<input type=\"hidden\" name=\"_wpcf7_locale\" value=\"es_ES\" \/>\n<input type=\"hidden\" name=\"_wpcf7_unit_tag\" value=\"wpcf7-f3524-o1\" \/>\n<input type=\"hidden\" name=\"_wpcf7_container_post\" value=\"0\" \/>\n<input type=\"hidden\" name=\"_wpcf7_posted_data_hash\" value=\"\" \/>\n<\/div>\n<div class=\"form-flat\">\n        <span class=\"wpcf7-form-control-wrap Nombre\"><input type=\"text\" name=\"Nombre\" value=\"\" size=\"40\" class=\"wpcf7-form-control wpcf7-text\" aria-invalid=\"false\" placeholder=\"Name\" \/><\/span><br \/>\n        <span class=\"wpcf7-form-control-wrap your-email\"><input type=\"email\" name=\"your-email\" value=\"\" size=\"40\" class=\"wpcf7-form-control wpcf7-text wpcf7-email wpcf7-validates-as-required wpcf7-validates-as-email\" aria-required=\"true\" aria-invalid=\"false\" placeholder=\"Email\" \/><\/span><br \/>\n        <span class=\"wpcf7-form-control-wrap Telefono\"><input type=\"text\" name=\"Telefono\" value=\"\" size=\"40\" class=\"wpcf7-form-control wpcf7-text wpcf7-phonetext\" aria-invalid=\"false\" placeholder=\"Telefono\" \/><input type=\"hidden\" name=\"Telefono-country-code\" class=\"wpcf7-phonetext-country-code\" \/><\/span><\/p>\n<p>        <span class=\"wpcf7-form-control-wrap textarea-599\"><textarea name=\"textarea-599\" cols=\"40\" rows=\"10\" class=\"wpcf7-form-control wpcf7-textarea\" aria-invalid=\"false\" placeholder=\"\u00bfHow can we help you?\"><\/textarea><\/span><\/p>\n<p><span class=\"wpcf7-form-control-wrap aceptar_rgpd\"><span class=\"wpcf7-form-control wpcf7-acceptance\"><span class=\"wpcf7-list-item\"><label><input type=\"checkbox\" name=\"aceptar_rgpd\" value=\"1\" aria-invalid=\"false\" \/><span class=\"wpcf7-list-item-label\">I have read and agree to the Terms and Privacy Policy. <u><a href=\"https:\/\/www.equipo360.com\/en\/politica-privacidad-condiciones-uso\/\" target=\"_blank\"> Privacy policy and terms of use <\/a><\/u><\/span><\/label><\/span><\/span><\/span><br \/>\n<input type=\"submit\" value=\"Send\" class=\"wpcf7-form-control wpcf7-submit button\" \/>\n <\/div>\n<div class=\"wpcf7-response-output\" aria-hidden=\"true\"><\/div><input type=\"hidden\" name=\"trp-form-language\" value=\"en\"\/><\/form><\/div> <\/div><\/div> <\/div> <div class=\"row row-collapse row-full-width\"  id=\"row-557326232\"> <div class=\"col small-12 large-12\"  ><div class=\"col-inner text-center\" style=\"padding:5px 0px 0px 0px;margin:0 0px 0px 0px;\" >\r\n<h2 style=\"text-align: center;\"><span style=\"color: #6f5d80 !important;\">If you are looking for a strong, stable, well organized and experienced team, do not hesitate, contact us! Surely it will be the beginning of a fruitful business relation.<\/span><\/h2>\r\n<\/div><\/div> \n<style scope=\"scope\">\n\n<\/style>\n<\/div> <\/div><\/div> <\/div>   <div id=\"page-header-964768773\" class=\"page-header-wrapper\">\n  <div class=\"page-title dark featured-title\">\n\n        <div class=\"page-title-bg\">\n      <div class=\"title-bg fill bg-fill\"\n        data-parallax-container=\".page-title\"\n        data-parallax-background\n data-parallax=\"-\">\n      <\/div>\n      <div class=\"title-overlay fill\"><\/div>\n    <\/div>\n    \n    <div class=\"page-title-inner container align-center text-center flex-row-col medium-flex-wrap\" >\n              <div class=\"title-wrapper flex-col\">\n          <h1 class=\"entry-title mb-0\">\n            SATISFIED CUSTOMERS          <\/h1>\n        <\/div>\n                    <div class=\"title-content flex-col\">\n        <div class=\"title-breadcrumbs pb-half pt-half\"><\/div>      <\/div>\n    <\/div><!-- flex-row -->\n\n     \n<style scope=\"scope\">\n\n#page-header-964768773 .title-bg {\n  background-image: url(https:\/\/www.equipo360.com\/wp-content\/uploads\/2018\/01\/2.jpg);\n  background-position: 50% 50%;\n}\n<\/style>\n  <\/div><!-- .page-title -->\n    <\/div><!-- .page-header-wrapper -->\n   \t<section class=\"section\" id=\"section_297216010\">\n\t\t<div class=\"bg section-bg fill bg-fill  bg-loaded\" >\n\n\t\t\t\n\t\t\t\n\t\t\t\n\n\t\t<\/div><!-- .section-bg -->\n\n\t\t<div class=\"section-content relative\">\n\t\t\t <div class=\"row row-small row-full-width align-center\"  id=\"row-1930867503\"> <div class=\"col small-12 large-12\"  ><div class=\"col-inner text-center\"  > <div class=\"slider-wrapper relative\" id=\"slider-856307119\" >\n    <div class=\"slider slider-nav-simple slider-nav-normal slider-nav-light slider-nav-outside slider-style-focus slider-show-nav\"\n        data-flickity-options='{            \"cellAlign\": \"center\",            \"imagesLoaded\": true,            \"lazyLoad\": 1,            \"freeScroll\": true,            \"wrapAround\": true,            \"autoPlay\": 2000,            \"pauseAutoPlayOnHover\" : true,            \"prevNextButtons\": true,            \"contain\" : true,            \"adaptiveHeight\" : true,            \"dragThreshold\" : 10,            \"percentPosition\": true,            \"pageDots\": false,            \"rightToLeft\": false,            \"draggable\": true,            \"selectedAttraction\": 0.1,            \"parallax\" : 0,            \"friction\": 0.6        }'\n        >\n         <div class=\"ux-logo has-hover align-middle ux_logo inline-block\" style=\"max-width: 100%!important; width: 314.44444444444px!important\"><a class=\"ux-logo-link block image-\" title=\"\" target=\"_blank\" rel=\"noopener noreferrer\" href=\"https:\/\/play.google.com\/store\/apps\/details?id=com.hitech.customer\" style=\"padding: 15px;\"><img decoding=\"async\" src=\"https:\/\/www.equipo360.com\/wp-content\/uploads\/2019\/07\/apphittech.jpg\" title=\"\" alt=\"\" class=\"ux-logo-image block\" style=\"height:160px;\" \/><\/a><\/div> <div class=\"ux-logo has-hover align-middle ux_logo inline-block\" style=\"max-width: 100%!important; width: 314.44444444444px!important\"><a class=\"ux-logo-link block image-\" title=\"\" target=\"_blank\" rel=\"noopener noreferrer\" href=\"https:\/\/apps.apple.com\/us\/app\/smart-soccer-coach\/id1013397211\" style=\"padding: 15px;\"><img decoding=\"async\" src=\"https:\/\/www.equipo360.com\/wp-content\/uploads\/2019\/07\/appsmart.jpg\" title=\"\" alt=\"\" class=\"ux-logo-image block\" style=\"height:160px;\" \/><\/a><\/div> <div class=\"ux-logo has-hover align-middle ux_logo inline-block\" style=\"max-width: 100%!important; width: 314.44444444444px!important\"><a class=\"ux-logo-link block image-\" title=\"\" target=\"_blank\" rel=\"noopener noreferrer\" href=\"https:\/\/play.google.com\/store\/apps\/details?id=fourgeeks.tuvuelovip.pasajero\" style=\"padding: 15px;\"><img decoding=\"async\" src=\"https:\/\/www.equipo360.com\/wp-content\/uploads\/2019\/07\/vuelovip.jpg\" title=\"\" alt=\"\" class=\"ux-logo-image block\" style=\"height:160px;\" \/><\/a><\/div> <div class=\"ux-logo has-hover align-middle ux_logo inline-block\" style=\"max-width: 100%!important; width: 314.44444444444px!important\"><a class=\"ux-logo-link block image-\" title=\"\" target=\"_blank\" rel=\"noopener noreferrer\" href=\"https:\/\/play.google.com\/store\/apps\/details?id=com.codified.hipyard\" style=\"padding: 15px;\"><img decoding=\"async\" src=\"https:\/\/www.equipo360.com\/wp-content\/uploads\/2019\/07\/varage.jpg\" title=\"\" alt=\"\" class=\"ux-logo-image block\" style=\"height:160px;\" \/><\/a><\/div> <div class=\"ux-logo has-hover align-middle ux_logo inline-block\" style=\"max-width: 100%!important; width: 314.58333333333px!important\"><a class=\"ux-logo-link block image-\" title=\"\" target=\"_blank\" rel=\"noopener noreferrer\" href=\"https:\/\/play.google.com\/store\/apps\/details?id=com.autouncle.autouncle\" style=\"padding: 15px;\"><img decoding=\"async\" src=\"https:\/\/www.equipo360.com\/wp-content\/uploads\/2019\/10\/AutoUncle.png\" title=\"\" alt=\"\" class=\"ux-logo-image block\" style=\"height:160px;\" \/><\/a><\/div> <div class=\"ux-logo has-hover align-middle ux_logo inline-block\" style=\"max-width: 100%!important; width: 314.58333333333px!important\"><a class=\"ux-logo-link block image-\" title=\"\" target=\"_self\" href=\"https:\/\/play.google.com\/store\/apps\/details?id=de.trimexa.urlaubsguru\" style=\"padding: 15px;\"><img decoding=\"async\" src=\"https:\/\/www.equipo360.com\/wp-content\/uploads\/2019\/10\/Holidayguru.png\" title=\"\" alt=\"\" class=\"ux-logo-image block\" style=\"height:160px;\" \/><\/a><\/div> <div class=\"ux-logo has-hover align-middle ux_logo inline-block\" style=\"max-width: 100%!important; width: 338.25899280576px!important\"><a class=\"ux-logo-link block image-\" title=\"Stel Order\" target=\"_self\" href=\"https:\/\/play.google.com\/store\/apps\/details?id=com.stel.order\" style=\"padding: 15px;\"><img decoding=\"async\" src=\"https:\/\/www.equipo360.com\/wp-content\/uploads\/2020\/05\/stelorder.jpg\" title=\"Stel Order\" alt=\"Stel Order\" class=\"ux-logo-image block\" style=\"height:160px;\" \/><\/a><\/div> <div class=\"ux-logo has-hover align-middle ux_logo inline-block\" style=\"max-width: 100%!important; width: 337.79856115108px!important\"><a class=\"ux-logo-link block image-\" title=\"Tipsterland\" target=\"_self\" href=\"https:\/\/play.google.com\/store\/apps\/details?id=tipsterland.ideappsolutions.com\" style=\"padding: 15px;\"><img decoding=\"async\" src=\"https:\/\/www.equipo360.com\/wp-content\/uploads\/2020\/05\/tipsterland.jpg\" title=\"Tipsterland\" alt=\"Tipsterland\" class=\"ux-logo-image block\" style=\"height:160px;\" \/><\/a><\/div> <div class=\"ux-logo has-hover align-middle ux_logo inline-block\" style=\"max-width: 100%!important; width: 338.25899280576px!important\"><a class=\"ux-logo-link block image-\" title=\"Saturno Tickets\" target=\"_self\" href=\"https:\/\/play.google.com\/store\/apps\/details?id=com.digio.saturnouser\" style=\"padding: 15px;\"><img decoding=\"async\" src=\"https:\/\/www.equipo360.com\/wp-content\/uploads\/2020\/05\/SaturnoTickets.jpg\" title=\"Saturno Tickets\" alt=\"Saturno Tickets\" class=\"ux-logo-image block\" style=\"height:160px;\" \/><\/a><\/div>      <\/div>\n\n     <div class=\"loading-spin dark large centered\"><\/div>\n\n     <style scope=\"scope\">\n             <\/style>\n<\/div><!-- .ux-slider-wrapper -->\n\n <\/div><\/div> \n<style scope=\"scope\">\n\n<\/style>\n<\/div> \t\t<\/div><!-- .section-content -->\n\n\t\t\n<style scope=\"scope\">\n\n#section_297216010 {\n  padding-top: 0px;\n  padding-bottom: 0px;\n  margin-bottom: -21px;\n}\n<\/style>\n\t<\/section>","protected":false},"excerpt":{"rendered":"","protected":false},"author":1,"featured_media":0,"parent":0,"menu_order":0,"comment_status":"closed","ping_status":"closed","template":"page-blank.php","meta":{"footnotes":""},"class_list":["post-893","page","type-page","status-publish","hentry"],"yoast_head":"<!-- This site is optimized with the Yoast SEO plugin v16.5 - https:\/\/yoast.com\/wordpress\/plugins\/seo\/ -->\n<title>Servicios de Aplicaciones M\u00f3viles - Equipo360<\/title>\n<meta name=\"description\" content=\"Las aplicaciones m\u00f3viles son el presente y futuro, un mercado con gran potencial, muchas necesidades por cubrir y pocos profesionales especializados\" \/>\n<meta name=\"robots\" content=\"index, follow, max-snippet:-1, max-image-preview:large, max-video-preview:-1\" \/>\n<link rel=\"canonical\" href=\"https:\/\/www.equipo360.com\/en\/desarrollo-aplicaciones-moviles\/\" \/>\n<meta property=\"og:locale\" content=\"en_US\" \/>\n<meta property=\"og:type\" content=\"article\" \/>\n<meta property=\"og:title\" content=\"Servicios de Aplicaciones M\u00f3viles - Equipo360\" \/>\n<meta property=\"og:description\" content=\"Las aplicaciones m\u00f3viles son el presente y futuro, un mercado con gran potencial, muchas necesidades por cubrir y pocos profesionales especializados\" \/>\n<meta property=\"og:url\" content=\"https:\/\/www.equipo360.com\/en\/desarrollo-aplicaciones-moviles\/\" \/>\n<meta property=\"og:site_name\" content=\"Equipo360\" \/>\n<meta property=\"article:publisher\" content=\"https:\/\/www.facebook.com\/integralteam\/\" \/>\n<meta property=\"article:modified_time\" content=\"2022-12-15T13:49:47+00:00\" \/>\n<meta property=\"og:image\" content=\"https:\/\/www.equipo360.com\/wp-content\/uploads\/2019\/08\/logo-1.jpeg\" \/>\n\t<meta property=\"og:image:width\" content=\"775\" \/>\n\t<meta property=\"og:image:height\" content=\"251\" \/>\n<meta name=\"twitter:card\" content=\"summary\" \/>\n<meta name=\"twitter:site\" content=\"@Equipo360com\" \/>\n<meta name=\"twitter:label1\" content=\"Est. reading time\" \/>\n\t<meta name=\"twitter:data1\" content=\"2 minutes\" \/>\n<script type=\"application\/ld+json\" class=\"yoast-schema-graph\">{\"@context\":\"https:\/\/schema.org\",\"@graph\":[{\"@type\":\"Organization\",\"@id\":\"https:\/\/www.equipo360.com\/en\/#organization\",\"name\":\"Equipo360\",\"url\":\"https:\/\/www.equipo360.com\/en\/\",\"sameAs\":[\"https:\/\/www.facebook.com\/integralteam\/\",\"https:\/\/www.instagram.com\/equipo360\/\",\"https:\/\/www.linkedin.com\/in\/albertoporras\/\",\"https:\/\/twitter.com\/Equipo360com\"],\"logo\":{\"@type\":\"ImageObject\",\"@id\":\"https:\/\/www.equipo360.com\/en\/#logo\",\"inLanguage\":\"en-US\",\"url\":\"https:\/\/www.equipo360.com\/wp-content\/uploads\/2020\/05\/marketing360.jpg\",\"contentUrl\":\"https:\/\/www.equipo360.com\/wp-content\/uploads\/2020\/05\/marketing360.jpg\",\"width\":775,\"height\":251,\"caption\":\"Equipo360\"},\"image\":{\"@id\":\"https:\/\/www.equipo360.com\/en\/#logo\"}},{\"@type\":\"WebSite\",\"@id\":\"https:\/\/www.equipo360.com\/en\/#website\",\"url\":\"https:\/\/www.equipo360.com\/en\/\",\"name\":\"Equipo360\",\"description\":\"Agencia de Marketing Online - Posicionamiento SEO en M\\u00e1laga, Nacional e Internacional\",\"publisher\":{\"@id\":\"https:\/\/www.equipo360.com\/en\/#organization\"},\"potentialAction\":[{\"@type\":\"SearchAction\",\"target\":\"https:\/\/www.equipo360.com\/en\/?s={search_term_string}\",\"query-input\":\"required name=search_term_string\"}],\"inLanguage\":\"en-US\"},{\"@type\":\"WebPage\",\"@id\":\"https:\/\/www.equipo360.com\/en\/desarrollo-aplicaciones-moviles\/#webpage\",\"url\":\"https:\/\/www.equipo360.com\/en\/desarrollo-aplicaciones-moviles\/\",\"name\":\"Servicios de Aplicaciones M\\u00f3viles - Equipo360\",\"isPartOf\":{\"@id\":\"https:\/\/www.equipo360.com\/en\/#website\"},\"datePublished\":\"2018-01-11T21:06:30+00:00\",\"dateModified\":\"2022-12-15T13:49:47+00:00\",\"description\":\"Las aplicaciones m\\u00f3viles son el presente y futuro, un mercado con gran potencial, muchas necesidades por cubrir y pocos profesionales especializados\",\"breadcrumb\":{\"@id\":\"https:\/\/www.equipo360.com\/en\/desarrollo-aplicaciones-moviles\/#breadcrumb\"},\"inLanguage\":\"en-US\",\"potentialAction\":[{\"@type\":\"ReadAction\",\"target\":[\"https:\/\/www.equipo360.com\/en\/desarrollo-aplicaciones-moviles\/\"]}]},{\"@type\":\"BreadcrumbList\",\"@id\":\"https:\/\/www.equipo360.com\/en\/desarrollo-aplicaciones-moviles\/#breadcrumb\",\"itemListElement\":[{\"@type\":\"ListItem\",\"position\":1,\"name\":\"Agencia de Marketing\",\"item\":\"https:\/\/www.equipo360.com\/en\/\"},{\"@type\":\"ListItem\",\"position\":2,\"name\":\"Servicios de Aplicaciones M\\u00f3viles\"}]}]}<\/script>\n<!-- \/ Yoast SEO plugin. -->","_links":{"self":[{"href":"https:\/\/www.equipo360.com\/en\/wp-json\/wp\/v2\/pages\/893"}],"collection":[{"href":"https:\/\/www.equipo360.com\/en\/wp-json\/wp\/v2\/pages"}],"about":[{"href":"https:\/\/www.equipo360.com\/en\/wp-json\/wp\/v2\/types\/page"}],"author":[{"embeddable":true,"href":"https:\/\/www.equipo360.com\/en\/wp-json\/wp\/v2\/users\/1"}],"replies":[{"embeddable":true,"href":"https:\/\/www.equipo360.com\/en\/wp-json\/wp\/v2\/comments?post=893"}],"version-history":[{"count":42,"href":"https:\/\/www.equipo360.com\/en\/wp-json\/wp\/v2\/pages\/893\/revisions"}],"predecessor-version":[{"id":6250,"href":"https:\/\/www.equipo360.com\/en\/wp-json\/wp\/v2\/pages\/893\/revisions\/6250"}],"wp:attachment":[{"href":"https:\/\/www.equipo360.com\/en\/wp-json\/wp\/v2\/media?parent=893"}],"curies":[{"name":"wp","href":"https:\/\/api.w.org\/{rel}","templated":true}]}}